{"id":1862,"date":"2026-02-26T02:03:11","date_gmt":"2026-02-26T01:03:11","guid":{"rendered":"https:\/\/vizslaclub.eu\/?page_id=1862"},"modified":"2026-03-26T22:35:15","modified_gmt":"2026-03-26T21:35:15","slug":"aktuality-2026","status":"publish","type":"page","link":"http:\/\/vizslaclub.eu\/?page_id=1862","title":{"rendered":"AKTUALITY 2026"},"content":{"rendered":"\n<h2 class=\"wp-block-heading has-text-align-center\">POZV\u00c1NKA NA KLUBOV\u00da V\u00ddSTAVU 2026<\/h2>\n\n\n<div class=\"wp-block-image\">\n<figure class=\"aligncenter size-large\"><img loading=\"lazy\" decoding=\"async\" width=\"724\" height=\"1024\" src=\"http:\/\/vizslaclub.eu\/wp-content\/uploads\/2026\/03\/KV-2026-724x1024.jpg\" alt=\"\" class=\"wp-image-1911\" srcset=\"http:\/\/vizslaclub.eu\/wp-content\/uploads\/2026\/03\/KV-2026-724x1024.jpg 724w, http:\/\/vizslaclub.eu\/wp-content\/uploads\/2026\/03\/KV-2026-212x300.jpg 212w, http:\/\/vizslaclub.eu\/wp-content\/uploads\/2026\/03\/KV-2026-768x1086.jpg 768w, http:\/\/vizslaclub.eu\/wp-content\/uploads\/2026\/03\/KV-2026-1086x1536.jpg 1086w, http:\/\/vizslaclub.eu\/wp-content\/uploads\/2026\/03\/KV-2026-1448x2048.jpg 1448w, http:\/\/vizslaclub.eu\/wp-content\/uploads\/2026\/03\/KV-2026-1x1.jpg 1w, http:\/\/vizslaclub.eu\/wp-content\/uploads\/2026\/03\/KV-2026-scaled.jpg 1810w\" sizes=\"(max-width: 724px) 100vw, 724px\" \/><\/figure><\/div>\n\n\n<h2 class=\"wp-block-heading has-text-align-center\"><a href=\"https:\/\/vizslaclub.eu\/?page_id=204\" target=\"_blank\" rel=\"noreferrer noopener\">Propoz\u00edcie a prihlasovanie<\/a><\/h2>\n\n\n\n<p>________________________________________________________________________________________________________________<\/p>\n\n\n\n<h2 class=\"wp-block-heading has-text-align-center\">POZV\u00c1NKA NA KLUBOV\u00c9 SK\u00da\u0160KY VL\u00d4H STAVA\u010cOV<\/h2>\n\n\n<div class=\"wp-block-image\">\n<figure class=\"aligncenter size-large\"><img loading=\"lazy\" decoding=\"async\" width=\"1024\" height=\"683\" src=\"https:\/\/vizslaclub.eu\/wp-content\/uploads\/2026\/03\/SVS-2026-1-1024x683.jpg\" alt=\"\" class=\"wp-image-1924\" srcset=\"http:\/\/vizslaclub.eu\/wp-content\/uploads\/2026\/03\/SVS-2026-1-1024x683.jpg 1024w, http:\/\/vizslaclub.eu\/wp-content\/uploads\/2026\/03\/SVS-2026-1-300x200.jpg 300w, http:\/\/vizslaclub.eu\/wp-content\/uploads\/2026\/03\/SVS-2026-1-768x512.jpg 768w, http:\/\/vizslaclub.eu\/wp-content\/uploads\/2026\/03\/SVS-2026-1-1536x1024.jpg 1536w, http:\/\/vizslaclub.eu\/wp-content\/uploads\/2026\/03\/SVS-2026-1-2048x1365.jpg 2048w, http:\/\/vizslaclub.eu\/wp-content\/uploads\/2026\/03\/SVS-2026-1-2x1.jpg 2w\" sizes=\"(max-width: 1024px) 100vw, 1024px\" \/><\/figure><\/div>\n\n\n<h2 class=\"wp-block-heading has-text-align-center\"><a href=\"https:\/\/vizslaclub.eu\/?page_id=1315\" target=\"_blank\" rel=\"noreferrer noopener\">Propoz\u00edcie a prihl\u00e1\u0161ka<\/a><\/h2>\n\n\n\n<p>________________________________________________________________________________________________________________<\/p>\n\n\n\n<h2 class=\"wp-block-heading has-text-align-center\">POZV\u00c1NKA NA MEDZIN\u00c1RODN\u00dd FIELD TRIAL<\/h2>\n\n\n\n<figure class=\"wp-block-gallery has-nested-images columns-default is-cropped wp-block-gallery-1 is-layout-flex wp-block-gallery-is-layout-flex\">\n<figure class=\"wp-block-image size-large\"><a href=\"https:\/\/vizslaclub.eu\/?page_id=1315\" target=\"_blank\" rel=\"noreferrer noopener\"><img loading=\"lazy\" decoding=\"async\" width=\"1024\" height=\"724\" data-id=\"1867\" src=\"https:\/\/vizslaclub.eu\/wp-content\/uploads\/2026\/02\/FT-Bina-2026-1024x724.jpg\" alt=\"\" class=\"wp-image-1867\" srcset=\"http:\/\/vizslaclub.eu\/wp-content\/uploads\/2026\/02\/FT-Bina-2026-1024x724.jpg 1024w, http:\/\/vizslaclub.eu\/wp-content\/uploads\/2026\/02\/FT-Bina-2026-300x212.jpg 300w, http:\/\/vizslaclub.eu\/wp-content\/uploads\/2026\/02\/FT-Bina-2026-768x543.jpg 768w, http:\/\/vizslaclub.eu\/wp-content\/uploads\/2026\/02\/FT-Bina-2026-1536x1086.jpg 1536w, http:\/\/vizslaclub.eu\/wp-content\/uploads\/2026\/02\/FT-Bina-2026-2048x1448.jpg 2048w, http:\/\/vizslaclub.eu\/wp-content\/uploads\/2026\/02\/FT-Bina-2026-1x1.jpg 1w\" sizes=\"(max-width: 1024px) 100vw, 1024px\" \/><\/a><\/figure>\n<\/figure>\n\n\n\n<h2 class=\"wp-block-heading has-text-align-center\"><a href=\"https:\/\/vizslaclub.eu\/?page_id=1315\" target=\"_blank\" rel=\"noreferrer noopener\">Propoz\u00edcie a prihl\u00e1\u0161ka<\/a><\/h2>\n\n\n\n<p>________________________________________________________________________________________________________________<\/p>\n\n\n\n<h2 class=\"wp-block-heading has-text-align-center\">\u010cLENSK\u00c1 SCH\u00d4DZA 2026<\/h2>\n\n\n<div class=\"wp-block-image\">\n<figure class=\"aligncenter size-large\"><img loading=\"lazy\" decoding=\"async\" width=\"1024\" height=\"683\" src=\"https:\/\/vizslaclub.eu\/wp-content\/uploads\/2026\/02\/clenska-schodza-plagat-1024x683.jpg\" alt=\"\" class=\"wp-image-1865\" srcset=\"http:\/\/vizslaclub.eu\/wp-content\/uploads\/2026\/02\/clenska-schodza-plagat-1024x683.jpg 1024w, http:\/\/vizslaclub.eu\/wp-content\/uploads\/2026\/02\/clenska-schodza-plagat-300x200.jpg 300w, http:\/\/vizslaclub.eu\/wp-content\/uploads\/2026\/02\/clenska-schodza-plagat-768x512.jpg 768w, http:\/\/vizslaclub.eu\/wp-content\/uploads\/2026\/02\/clenska-schodza-plagat-1536x1024.jpg 1536w, http:\/\/vizslaclub.eu\/wp-content\/uploads\/2026\/02\/clenska-schodza-plagat-2048x1365.jpg 2048w, http:\/\/vizslaclub.eu\/wp-content\/uploads\/2026\/02\/clenska-schodza-plagat-2x1.jpg 2w\" sizes=\"(max-width: 1024px) 100vw, 1024px\" \/><\/figure><\/div>\n\n\n<p class=\"has-text-align-center\">V\u00e1\u017een\u00ed \u010dlenovia,<br>poz\u00fdvame V\u00e1s na \u010dlensk\u00fa sch\u00f4dzu, ktor\u00e1 sa uskuto\u010dn\u00ed d\u0148a 1. marca 2026 (nede\u013ea) so za\u010diatkom o 10:00 hod.<br>\ud83d\udccd Miesto konania: Penzi\u00f3n Lap\u00e1\u0161 u Hoffera, Ve\u013ek\u00fd Lap\u00e1\u0161<br>Pre technick\u00e9 zabezpe\u010denie pros\u00edme o potvrdenie \u00fa\u010dasti.<br>Te\u0161\u00edme sa na spolo\u010dn\u00e9 stretnutie.<\/p>\n\n\n\n<p><\/p>\n","protected":false},"excerpt":{"rendered":"<p>POZV\u00c1NKA NA KLUBOV\u00da V\u00ddSTAVU 2026 Propoz\u00edcie a prihlasovanie ________________________________________________________________________________________________________________ POZV\u00c1NKA NA KLUBOV\u00c9 SK\u00da\u0160KY VL\u00d4H STAVA\u010cOV Propoz\u00edcie a prihl\u00e1\u0161ka ________________________________________________________________________________________________________________ POZV\u00c1NKA NA MEDZIN\u00c1RODN\u00dd FIELD TRIAL Propoz\u00edcie a prihl\u00e1\u0161ka ________________________________________________________________________________________________________________ \u010cLENSK\u00c1 SCH\u00d4DZA 2026 V\u00e1\u017een\u00ed \u010dlenovia,poz\u00fdvame V\u00e1s na \u010dlensk\u00fa sch\u00f4dzu, ktor\u00e1 sa uskuto\u010dn\u00ed d\u0148a 1. marca 2026 (nede\u013ea) so za\u010diatkom o 10:00 hod.\ud83d\udccd Miesto konania: Penzi\u00f3n Lap\u00e1\u0161 u [&hellip;]<\/p>\n","protected":false},"author":3,"featured_media":0,"parent":0,"menu_order":0,"comment_status":"closed","ping_status":"closed","template":"","meta":{"_monsterinsights_skip_tracking":false,"_monsterinsights_sitenote_active":false,"_monsterinsights_sitenote_note":"","_monsterinsights_sitenote_category":0,"footnotes":""},"class_list":["post-1862","page","type-page","status-publish","hentry"],"_links":{"self":[{"href":"http:\/\/vizslaclub.eu\/index.php?rest_route=\/wp\/v2\/pages\/1862"}],"collection":[{"href":"http:\/\/vizslaclub.eu\/index.php?rest_route=\/wp\/v2\/pages"}],"about":[{"href":"http:\/\/vizslaclub.eu\/index.php?rest_route=\/wp\/v2\/types\/page"}],"author":[{"embeddable":true,"href":"http:\/\/vizslaclub.eu\/index.php?rest_route=\/wp\/v2\/users\/3"}],"replies":[{"embeddable":true,"href":"http:\/\/vizslaclub.eu\/index.php?rest_route=%2Fwp%2Fv2%2Fcomments&post=1862"}],"version-history":[{"count":6,"href":"http:\/\/vizslaclub.eu\/index.php?rest_route=\/wp\/v2\/pages\/1862\/revisions"}],"predecessor-version":[{"id":1928,"href":"http:\/\/vizslaclub.eu\/index.php?rest_route=\/wp\/v2\/pages\/1862\/revisions\/1928"}],"wp:attachment":[{"href":"http:\/\/vizslaclub.eu\/index.php?rest_route=%2Fwp%2Fv2%2Fmedia&parent=1862"}],"curies":[{"name":"wp","href":"https:\/\/api.w.org\/{rel}","templated":true}]}}