{"id":73,"date":"2024-03-26T13:46:48","date_gmt":"2024-03-26T12:46:48","guid":{"rendered":"https:\/\/vizslaclub.eu\/?page_id=73"},"modified":"2024-07-12T01:07:15","modified_gmt":"2024-07-11T23:07:15","slug":"homepage","status":"publish","type":"page","link":"http:\/\/vizslaclub.eu\/","title":{"rendered":""},"content":{"rendered":"\n<p class=\"has-text-align-center\"><br>V\u00edtame V\u00e1s na ofici\u00e1lnej str\u00e1nke Klubu ma\u010farsk\u00fdch stava\u010dov &#8211; Vizsla Club Slovakia. \u00da\u010delom str\u00e1nky je poskytova\u0165 inform\u00e1cie v s\u00favislosti s plemenami psov zastre\u0161ovan\u00fdch klubom &#8211; ma\u010farsk\u00fd dr\u00f4tosrst\u00fd stava\u010d a ma\u010farsk\u00fd kr\u00e1tkosrst\u00fd stava\u010d. Dozviete sa o hist\u00f3rii klubu, plemen\u00e1ch, v\u0161etky novinky, pl\u00e1novan\u00e9 akcie a tie\u017e v\u00fdsledky z uveden\u00fdch akci\u00ed. Webov\u00e1 str\u00e1nka je vo v\u00fdstavbe, priebe\u017ene bud\u00fa dop\u013a\u0148an\u00e9&nbsp;a aktualizovan\u00e9 inform\u00e1cie. Uv\u00edtame ak\u00e9ko\u013evek podnety, n\u00e1vrhy alebo fotky, ktor\u00e9 prispej\u00fa k vylep\u0161eniu n\u00e1\u0161ho nov\u00e9ho klubov\u00e9ho webu a nebud\u00fa v rozpore s platnou legislat\u00edvou SR.<br>Va\u0161e pr\u00edpadn\u00e9 n\u00e1vrhy posielajte na adresu:&nbsp;<a href=\"mailto:redakcia@vizslaclub.eu\" target=\"_blank\" rel=\"noreferrer noopener\">redakcia@vizslaclub.eu<\/a>&nbsp;<\/p>\n\n\n\n<div class=\"wp-block-group\"><div class=\"wp-block-group__inner-container is-layout-constrained wp-block-group-is-layout-constrained\"><\/div><\/div>\n","protected":false},"excerpt":{"rendered":"<p>V\u00edtame V\u00e1s na ofici\u00e1lnej str\u00e1nke Klubu ma\u010farsk\u00fdch stava\u010dov &#8211; Vizsla Club Slovakia. \u00da\u010delom str\u00e1nky je poskytova\u0165 inform\u00e1cie v s\u00favislosti s plemenami psov zastre\u0161ovan\u00fdch klubom &#8211; ma\u010farsk\u00fd dr\u00f4tosrst\u00fd stava\u010d a ma\u010farsk\u00fd kr\u00e1tkosrst\u00fd stava\u010d. Dozviete sa o hist\u00f3rii klubu, plemen\u00e1ch, v\u0161etky novinky, pl\u00e1novan\u00e9 akcie a tie\u017e v\u00fdsledky z uveden\u00fdch akci\u00ed. Webov\u00e1 str\u00e1nka je vo v\u00fdstavbe, priebe\u017ene bud\u00fa [&hellip;]<\/p>\n","protected":false},"author":1,"featured_media":0,"parent":0,"menu_order":0,"comment_status":"closed","ping_status":"closed","template":"","meta":{"_monsterinsights_skip_tracking":false,"_monsterinsights_sitenote_active":false,"_monsterinsights_sitenote_note":"","_monsterinsights_sitenote_category":0,"footnotes":""},"class_list":["post-73","page","type-page","status-publish","hentry"],"_links":{"self":[{"href":"http:\/\/vizslaclub.eu\/index.php?rest_route=\/wp\/v2\/pages\/73"}],"collection":[{"href":"http:\/\/vizslaclub.eu\/index.php?rest_route=\/wp\/v2\/pages"}],"about":[{"href":"http:\/\/vizslaclub.eu\/index.php?rest_route=\/wp\/v2\/types\/page"}],"author":[{"embeddable":true,"href":"http:\/\/vizslaclub.eu\/index.php?rest_route=\/wp\/v2\/users\/1"}],"replies":[{"embeddable":true,"href":"http:\/\/vizslaclub.eu\/index.php?rest_route=%2Fwp%2Fv2%2Fcomments&post=73"}],"version-history":[{"count":7,"href":"http:\/\/vizslaclub.eu\/index.php?rest_route=\/wp\/v2\/pages\/73\/revisions"}],"predecessor-version":[{"id":893,"href":"http:\/\/vizslaclub.eu\/index.php?rest_route=\/wp\/v2\/pages\/73\/revisions\/893"}],"wp:attachment":[{"href":"http:\/\/vizslaclub.eu\/index.php?rest_route=%2Fwp%2Fv2%2Fmedia&parent=73"}],"curies":[{"name":"wp","href":"https:\/\/api.w.org\/{rel}","templated":true}]}}