{"id":179,"date":"2024-06-18T20:03:56","date_gmt":"2024-06-18T18:03:56","guid":{"rendered":"https:\/\/vizslaclub.eu\/?page_id=179"},"modified":"2026-02-20T18:18:22","modified_gmt":"2026-02-20T17:18:22","slug":"clenske-prispevky","status":"publish","type":"page","link":"https:\/\/vizslaclub.eu\/?page_id=179","title":{"rendered":"\u010cLENSK\u00c9 PR\u00cdSPEVKY"},"content":{"rendered":"\n<p>Z\u00e1pisn\u00e9 do klubu je 20,00 EUR (jednor\u00e1zov\u00e1 platba).<\/p>\n\n\n\n<p>\u010clensk\u00fd ro\u010dn\u00fd pr\u00edspevok je od 20,00 EUR. Zn\u00ed\u017een\u00fd \u010dlensk\u00fd ro\u010dn\u00fd pr\u00edspevok je 5,00 EUR (plat\u00ed pre \u0161tudentov, pre osoby star\u0161ie ako 65 rokov a osoby, ktor\u00fdch pr\u00edjmy tvoria len starobn\u00fd a invalidn\u00fd d\u00f4chodok).<\/p>\n\n\n\n<p>Z\u00e1ujemcovia o \u010dlenstvo v klube so \u0161t\u00e1tnou pr\u00edslu\u0161nos\u0165ou SR, ktor\u00ed nie s\u00fa \u010dlenmi SPZ (Slovensk\u00e9ho po\u013eovn\u00edckeho zv\u00e4zu) sa po prihl\u00e1sen\u00ed do klubu st\u00e1vaj\u00fa automaticky kolekt\u00edvnymi \u010dlenmi SPZ (klub patr\u00ed do organiza\u010dnej \u0161trukt\u00fary SPZ) a ka\u017edoro\u010dne platia \u010dlensk\u00fd pr\u00edspevok kolekt\u00edvneho \u010dlena SPZ vo v\u00fd\u0161ke 2,00 EUR. Neplat\u00ed pre cudzincov, ktor\u00ed maj\u00fa in\u00fa \u0161t\u00e1tnu pr\u00edslu\u0161nos\u0165 ako SR. Tie\u017e neplat\u00ed pre t\u00fdch, ktor\u00ed u\u017e nadobudli kolekt\u00edvne \u010dlenstvo SPZ v inom chovate\u013eskom klube, ktor\u00fd patr\u00ed do organiza\u010dnej \u0161trukt\u00fary SPZ (t\u00fato inform\u00e1ciu treba uvies\u0165 v prihl\u00e1\u0161ke).<\/p>\n\n\n\n<p>Kolekt\u00edvni \u010dlenovia SPZ, ktor\u00ed sa v bud\u00facnosti stan\u00fa riadnymi \u010dlenmi SPZ s\u00fa povinn\u00ed t\u00fato zmenu nahl\u00e1si\u0165 e-mailom ekon\u00f3movi a matrik\u00e1rovi klubu, vr\u00e1tane zmien kontaktn\u00fdch \u00fadajov (plat\u00ed pre v\u0161etk\u00fdch \u010dlenov).<\/p>\n\n\n\n<p>Upozor\u0148ujeme z\u00e1ujemcov o \u010dlenstvo v klube, \u017ee v ktorom roku pr\u00edde prihl\u00e1\u0161ka, za ten rok sa plat\u00ed ro\u010dn\u00fd \u010dlensk\u00fd pr\u00edspevok, pr\u00edpadne i ro\u010dn\u00fd pr\u00edspevok SPZ. Toto plat\u00ed aj pre prihl\u00e1\u0161ky prijat\u00e9 v decembri!<\/p>\n\n\n\n<p>Nov\u00ed \u010dlenovia zaslan\u00edm prihl\u00e1\u0161ky a uhraden\u00edm pr\u00edspevkov (z\u00e1pisn\u00e9, \u010dlensk\u00e9 a ne\u010dlenovia SPZ aj pr\u00edspevku kolekt\u00edvneho \u010dlena SPZ) automaticky m\u00f4\u017eu vyu\u017e\u00edva\u0165 v\u00fdhody klubu (prihlasova\u0165 sa ako \u010dlen klubu na klubov\u00e9 sk\u00fa\u0161ky, na klubov\u00e9 v\u00fdstavy a i.). Po schv\u00e1len\u00ed prihl\u00e1\u0161ky v\u00fdborom klubu bude nov\u00fdm \u010dlenom po\u0161tou zaslan\u00fd klubov\u00fd \u010dlensk\u00fd preukaz. Schva\u013eovanie nov\u00fdch \u010dlenov v\u00fdborom sa vykon\u00e1va minim\u00e1lne 4-kr\u00e1t do roka.<\/p>\n\n\n\n<h2 class=\"wp-block-heading\"><strong>Nasleduj\u00face obdobia je \u010dlen povinn\u00fd uhr\u00e1dza\u0165 \u010dlensk\u00e9 pr\u00edspevky, pr\u00edpadne pr\u00edspevky SPZ na pr\u00edslu\u0161n\u00fd rok do konca predch\u00e1dzaj\u00faceho roka, \u010di\u017ee \u010dlensk\u00e9 pr\u00edspevky na rok 2026 je povinnos\u0165 uhradi\u0165 do 31.12.2025!!! Chovate\u013esk\u00e9 pr\u00edspevky pr\u00edslu\u0161n\u00e9ho roka do 30.6. nasleduj\u00faceho roka.<\/strong><\/h2>\n\n\n\n<p>V pr\u00edpade nejak\u00fdch nejasnost\u00ed kontaktujte ekon\u00f3ma alebo tajomn\u00edka klubu. Platby pr\u00edspevkov uhr\u00e1dzajte na \u00fa\u010det klubu veden\u00fd v Slovenskej sporite\u013eni:<\/p>\n\n\n\n<p>N\u00e1zov \u00fa\u010dtu adres\u00e1ta:<\/p>\n\n\n\n<p>KCHMS &#8211; Vizsla Club Slovakia, \u0160tef\u00e1nikova 10, 811 05 Bratislava, I\u010cO: 35 627 182 Bankov\u00e9 spojenie: SLSP a.s., Bratislava 0028623840\/0900<\/p>\n\n\n\n<p>IBAN : <strong>SK21 0900 0000 0000 2862 3840<\/strong><\/p>\n\n\n\n<p>CIB (SWIFT) GIBASKBX<\/p>\n\n\n\n<p>Variabiln\u00fd symbol uv\u00e1dza\u0165 nasledovne:<\/p>\n\n\n\n<p>&#8211; \u010clensk\u00e9 pr\u00edspevky: prv\u00fdch 6 \u010d\u00edslic rodn\u00e9ho \u010d\u00edsla<br>&#8211; Poplatky za psov (+4 \u010d\u00edslice SPKP psa), ktor\u00e9ho sa \u00fahrada t\u00fdka, spolu teda 10 \u010d\u00edslic. (\u00dadaj je d\u00f4le\u017eit\u00fd pre identifik\u00e1ciu platite\u013ea resp. za koho je platen\u00e9). Tieto poplatky predstavuj\u00fa poplatky za sk\u00fa\u0161ky, v\u00fdber do chovu, odpor\u00fa\u010danie na p\u00e1renie, nakrytie psom, ponechan\u00e9 \u0161te\u0148at\u00e1 a pod. (v pr\u00edpade platby za ponechan\u00e9 \u0161te\u0148at\u00e1 sa pou\u017eije \u010d\u00edslo z\u00e1pisu SPKP matky \u0161teniat). V\u00fd\u0161ka poplatkov je ur\u010den\u00e1 prev\u00e1dzkov\u00fdm poriadkom klubu.<br><\/p>\n\n\n\n<p><strong>Nov\u00ed \u010dlenovia !!!!!<\/strong> <br>\u0160pecifick\u00e9 symboly pre \u00fahradu \u010dlensk\u00fdch pr\u00edspevkov pre rok 2026<\/p>\n\n\n\n<p>(po \u00fahrade <strong>z\u00e1pisn\u00e9ho a&nbsp;\u010dlensk\u00e9ho<\/strong> a&nbsp;po schv\u00e1len\u00ed v\u00fdborom klubu bude vystaven\u00fd a zaslan\u00fd \u010dlensk\u00fd preukaz)<\/p>\n\n\n\n<p>2001010003 &#8211; \u010dlenovia, ktor\u00ed s\u00fa \u010dlenmi SPZ (40,00 EUR)<br>2001010004 &#8211; \u010dlenovia, ktor\u00ed s\u00fa \u010dlenmi SPZ platiaci zn\u00ed\u017een\u00fd pr\u00edspevok (25,00 EUR)<br>2001010073 &#8211; \u010dlenovia, ktor\u00ed nie s\u00fa \u010dlenmi SPZ (42,00 EUR)<br>2001010074 &#8211; \u010dlenovia, ktor\u00ed nie s\u00fa \u010dlenmi SPZ platiaci zn\u00ed\u017een\u00fd pr\u00edspevok (27,00 EUR)<\/p>\n\n\n\n<p>Kon\u0161tantn\u00fd symbol &#8211; 0298<\/p>\n\n\n\n<p><strong>\u010clenovia klubu<\/strong><br>\u0160pecifick\u00e9 symboly pre \u00fahradu \u010dlensk\u00fdch pr\u00edspevkov pre rok 2026<\/p>\n\n\n\n<p>2001010001 &#8211; \u010dlenovia, ktor\u00ed s\u00fa \u010dlenmi SPZ (20,00 EUR)<br>2001010002 &#8211; \u010dlenovia, ktor\u00ed s\u00fa \u010dlenmi SPZ platiaci zn\u00ed\u017een\u00fd pr\u00edspevok (5,00 EUR)<br>2001010071 &#8211; \u010dlenovia, ktor\u00ed nie s\u00fa \u010dlenmi SPZ (22,00 EUR)<br>2001010072 &#8211; \u010dlenovia, ktor\u00ed nie s\u00fa \u010dlenmi SPZ platiaci zn\u00ed\u017een\u00fd pr\u00edspevok (7,00 EUR)<\/p>\n\n\n\n<p>Kon\u0161tantn\u00fd symbol &#8211; 0298<\/p>\n\n\n\n<h2 class=\"wp-block-heading\"><strong>\u010clensk\u00e9 zn\u00e1mky pre kolekt\u00edvnych \u010dlenov SPZ prostredn\u00edctvom KCHMS-VCS \u2013 zmena<\/strong><\/h2>\n\n\n\n<p>Prez\u00eddium SPZ schv\u00e1lilo d\u0148a 13.09.2024 s \u00fa\u010dinnos\u0165ou od 01.01.2025 \u201eSmernicu SPZ o organiza\u010dnom poplatku pre ne\u010dlenov SPZ, \u010dlenov kynologick\u00fdch klubov\u201c. S touto smernicou prich\u00e1dza z\u00e1sadn\u00e1 zmena \u2013 od 01.01.2025 sa ru\u0161\u00ed vyd\u00e1vanie \u010dlensk\u00fdch zn\u00e1mok.<\/p>\n\n\n\n<p>Kluby bud\u00fa zasiela\u0165 Kynologick\u00e9mu odboru SPZ zoznamy svojich \u010dlenov a v pr\u00edpade ak\u00fdchko\u013evek zmien v \u010dlenskej z\u00e1kladni po\u010das roka ich bud\u00fa aktualizova\u0165.<\/p>\n\n\n\n<p>Plemenn\u00e1 kniha si pri akomko\u013evek \u00fakone bude m\u00f4c\u0165 skontrolova\u0165, \u010di \u017eiadate\u013e o \u00fakon v plemennej knihe je veden\u00fd v zozname zaslanom klubom.<\/p>\n\n\n\n<p><\/p>\n\n\n\n<p><em>Schv\u00e1len\u00e9 \u010dlenskou sch\u00f4dzou d\u0148a 02.03.2025 vo Ve\u013ekom Lap\u00e1\u0161i.<\/em><\/p>\n","protected":false},"excerpt":{"rendered":"<p>Z\u00e1pisn\u00e9 do klubu je 20,00 EUR (jednor\u00e1zov\u00e1 platba). \u010clensk\u00fd ro\u010dn\u00fd pr\u00edspevok je od 20,00 EUR. Zn\u00ed\u017een\u00fd \u010dlensk\u00fd ro\u010dn\u00fd pr\u00edspevok je 5,00 EUR (plat\u00ed pre \u0161tudentov, pre osoby star\u0161ie ako 65 rokov a osoby, ktor\u00fdch pr\u00edjmy tvoria len starobn\u00fd a invalidn\u00fd d\u00f4chodok). Z\u00e1ujemcovia o \u010dlenstvo v klube so \u0161t\u00e1tnou pr\u00edslu\u0161nos\u0165ou SR, ktor\u00ed nie s\u00fa \u010dlenmi SPZ [&hellip;]<\/p>\n","protected":false},"author":3,"featured_media":0,"parent":0,"menu_order":0,"comment_status":"closed","ping_status":"closed","template":"","meta":{"_monsterinsights_skip_tracking":false,"_monsterinsights_sitenote_active":false,"_monsterinsights_sitenote_note":"","_monsterinsights_sitenote_category":0,"footnotes":""},"class_list":["post-179","page","type-page","status-publish","hentry"],"_links":{"self":[{"href":"https:\/\/vizslaclub.eu\/index.php?rest_route=\/wp\/v2\/pages\/179"}],"collection":[{"href":"https:\/\/vizslaclub.eu\/index.php?rest_route=\/wp\/v2\/pages"}],"about":[{"href":"https:\/\/vizslaclub.eu\/index.php?rest_route=\/wp\/v2\/types\/page"}],"author":[{"embeddable":true,"href":"https:\/\/vizslaclub.eu\/index.php?rest_route=\/wp\/v2\/users\/3"}],"replies":[{"embeddable":true,"href":"https:\/\/vizslaclub.eu\/index.php?rest_route=%2Fwp%2Fv2%2Fcomments&post=179"}],"version-history":[{"count":5,"href":"https:\/\/vizslaclub.eu\/index.php?rest_route=\/wp\/v2\/pages\/179\/revisions"}],"predecessor-version":[{"id":1854,"href":"https:\/\/vizslaclub.eu\/index.php?rest_route=\/wp\/v2\/pages\/179\/revisions\/1854"}],"wp:attachment":[{"href":"https:\/\/vizslaclub.eu\/index.php?rest_route=%2Fwp%2Fv2%2Fmedia&parent=179"}],"curies":[{"name":"wp","href":"https:\/\/api.w.org\/{rel}","templated":true}]}}